{"id":597,"date":"2026-03-07T09:01:31","date_gmt":"2026-03-07T09:01:31","guid":{"rendered":"https:\/\/egcreation.fr\/?post_type=product&#038;p=597"},"modified":"2026-03-07T18:27:50","modified_gmt":"2026-03-07T18:27:50","slug":"costume-smoking-noir","status":"publish","type":"product","link":"https:\/\/egcreation.fr\/index.php\/produit\/costume-smoking-noir\/","title":{"rendered":"Smoking homme noir \u2013 Revers satin \u2013 2 pi\u00e8ces | E-G Creation Paris"},"content":{"rendered":"<p> Costume de soir\u00e9e \u00e9l\u00e9gant <\/p>\n","protected":false},"excerpt":{"rendered":"<p>Costume Smoking, compos\u00e9 d\u2019une veste et d\u2019un pantalon assorti.<\/p>\n","protected":false},"featured_media":615,"template":"","meta":[],"product_brand":[],"product_cat":[25,18,123],"product_tag":[185,184,189,199],"class_list":{"0":"post-597","1":"product","2":"type-product","3":"status-publish","4":"has-post-thumbnail","6":"product_cat-costumes","7":"product_cat-hommes","8":"product_cat-hommes-vests","9":"product_tag-costume","10":"product_tag-costume-croise-lin-laine","11":"product_tag-coupe-croisee","12":"product_tag-smoking","14":"first","15":"instock","16":"shipping-taxable","17":"purchasable","18":"product-type-simple"},"_links":{"self":[{"href":"https:\/\/egcreation.fr\/index.php\/wp-json\/wp\/v2\/product\/597","targetHints":{"allow":["GET"]}}],"collection":[{"href":"https:\/\/egcreation.fr\/index.php\/wp-json\/wp\/v2\/product"}],"about":[{"href":"https:\/\/egcreation.fr\/index.php\/wp-json\/wp\/v2\/types\/product"}],"wp:featuredmedia":[{"embeddable":true,"href":"https:\/\/egcreation.fr\/index.php\/wp-json\/wp\/v2\/media\/615"}],"wp:attachment":[{"href":"https:\/\/egcreation.fr\/index.php\/wp-json\/wp\/v2\/media?parent=597"}],"wp:term":[{"taxonomy":"product_brand","embeddable":true,"href":"https:\/\/egcreation.fr\/index.php\/wp-json\/wp\/v2\/product_brand?post=597"},{"taxonomy":"product_cat","embeddable":true,"href":"https:\/\/egcreation.fr\/index.php\/wp-json\/wp\/v2\/product_cat?post=597"},{"taxonomy":"product_tag","embeddable":true,"href":"https:\/\/egcreation.fr\/index.php\/wp-json\/wp\/v2\/product_tag?post=597"}],"curies":[{"name":"wp","href":"https:\/\/api.w.org\/{rel}","templated":true}]}}